{"id":16,"date":"2020-05-21T20:55:56","date_gmt":"2020-05-21T18:55:56","guid":{"rendered":"http:\/\/roccavarano.it\/?p=16"},"modified":"2025-03-06T13:36:16","modified_gmt":"2025-03-06T12:36:16","slug":"i-luoghi-del-cuore-rocca-varano","status":"publish","type":"page","link":"https:\/\/www.roccavarano.it\/","title":{"rendered":"I Luoghi del Cuore FAI"},"content":{"rendered":"\n<p class=\"has-normal-font-size\"><strong>Perch\u00e9 Rocca Varano<\/strong><\/p>\n\n\n\n<p style=\"font-size:14px\">Rocca Varano non \u00e8 solo un fortilizio risalente al XIII secolo come ve ne sono altri in Italia.<\/p>\n\n\n\n<p style=\"font-size:14px\">Rocca Varano \u00e8 qualcosa di pi\u00f9. E\u2019 l\u2019inizio di una storia durata oltre tre secoli ed ancora viva nel tessuto culturale di quella che un tempo era la Marca di Camerino.<\/p>\n\n\n\n<p style=\"font-size:14px\">E\u2019 il nido d\u2019aquila imprendibile da cui \u00e8 partita la scalata al potere di una famiglia di feudatari che con l\u2019arte delle armi e del diritto hanno fondato una delle signorie pi\u00f9 potenti, sebbene meno conosciute, dell\u2019Italia centrale.<\/p>\n\n\n\n<p style=\"font-size:14px\">I da Varano, una casata dalle origini non ancora ben decifrate ma di cui si favoleggiano ascendenze anglo-normanne che innalzava il vessillo del vaio timbrandolo con quello ben pi\u00f9 feroce del cane marino, il drago, il varano, posto a guardia e protezione di citt\u00e0, castelli e fortilizi.<\/p>\n\n\n\n<p style=\"font-size:14px\">Tra i capostipiti due guerrieri: Gentile, che tale non fu se non per nome, e Rodolfo, pi\u00f9 che lupo volpe astuta che tess\u00e9 le prime trame che condussero la famiglia a governare su di un possedimento che si estendeva dagli Appennini al Mare Adriatico.<br>Ed alta sul colle, anch\u2019essa imprendibile se non per tradimento la loro citt\u00e0, Camerino, dalle mura e dalle case di dorata arenaria e l\u2019aereo palazzo a dominare tutta la valle.<\/p>\n\n\n\n<p style=\"font-size:14px\">Rocca Varano, alta sul suo sperone di roccia, controllava la via che portava a Roma e nulla sfuggiva ai suoi occupanti. Testa di ponte di un ampio sistema difensivo tra i meglio organizzati dell\u2019Italia medievale parlava con le parole del fuoco e del fumo per trasmettere messaggi agli altri fortilizi ad essa collegati, messaggi che venivano replicati e subito trasmessi.<\/p>\n\n\n\n<p style=\"font-size:14px\">Sentinella e porta di un territorio che vide le gesta di grandi capitani di ventura, dallo Sforza al Piccinino al Montefeltro ed agli stessi da Varano capitani al soldo di altre potenze amati dalle loro truppe.<\/p>\n\n\n\n<p style=\"font-size:14px\">Simbolo dunque di un intero territorio che in essa si identifica ed in cui fonda e trova le proprie origini culturali e sociali perch\u00e9 \u00e8 con lei che tanto \u00e8 cominciato e niente pu\u00f2 e deve essere ancora disperso.<\/p>\n\n\n\n<p style=\"font-size:14px\">Salvare Rocca Varano dal disfacimento significa non solo evitare che tanta storia possa andar persa nel vento ma soprattutto aiutare un territorio impoverito e devastato dagli ultimi eventi sismici a ritrovarsi per poter ancora raccontare tante storie.<\/p>\n\n\n\n<p style=\"font-size:14px\"><strong><em>Ognuno di noi \u00e8 emotivamente legato a luoghi unici che rappresentano una parte importante della nostra vita e che vorremmo fossero protetti per sempre.\u00a0<\/em>Assicuriamo loro un futuro. Per sempre, per tutti.<\/strong><\/p>\n","protected":false},"excerpt":{"rendered":"<p>Perch\u00e9 Rocca Varano Rocca Varano non \u00e8 solo un fortilizio risalente al XIII secolo come ve ne sono altri in Italia. Rocca Varano \u00e8 qualcosa di pi\u00f9. E\u2019 l\u2019inizio di una storia durata oltre tre secoli ed ancora viva nel tessuto culturale di quella che un tempo era la Marca [&hellip;]<\/p>\n","protected":false},"author":1,"featured_media":22,"parent":0,"menu_order":0,"comment_status":"closed","ping_status":"open","template":"","meta":{"footnotes":""},"class_list":["post-16","page","type-page","status-publish","has-post-thumbnail","hentry"],"_links":{"self":[{"href":"https:\/\/www.roccavarano.it\/index.php\/wp-json\/wp\/v2\/pages\/16","targetHints":{"allow":["GET"]}}],"collection":[{"href":"https:\/\/www.roccavarano.it\/index.php\/wp-json\/wp\/v2\/pages"}],"about":[{"href":"https:\/\/www.roccavarano.it\/index.php\/wp-json\/wp\/v2\/types\/page"}],"author":[{"embeddable":true,"href":"https:\/\/www.roccavarano.it\/index.php\/wp-json\/wp\/v2\/users\/1"}],"replies":[{"embeddable":true,"href":"https:\/\/www.roccavarano.it\/index.php\/wp-json\/wp\/v2\/comments?post=16"}],"version-history":[{"count":12,"href":"https:\/\/www.roccavarano.it\/index.php\/wp-json\/wp\/v2\/pages\/16\/revisions"}],"predecessor-version":[{"id":211,"href":"https:\/\/www.roccavarano.it\/index.php\/wp-json\/wp\/v2\/pages\/16\/revisions\/211"}],"wp:featuredmedia":[{"embeddable":true,"href":"https:\/\/www.roccavarano.it\/index.php\/wp-json\/wp\/v2\/media\/22"}],"wp:attachment":[{"href":"https:\/\/www.roccavarano.it\/index.php\/wp-json\/wp\/v2\/media?parent=16"}],"curies":[{"name":"wp","href":"https:\/\/api.w.org\/{rel}","templated":true}]}}